{"id":7,"date":"2023-11-05T10:47:19","date_gmt":"2023-11-05T09:47:19","guid":{"rendered":"https:\/\/www.lovabellabox.com\/?page_id=7"},"modified":"2025-02-05T00:18:13","modified_gmt":"2025-02-04T23:18:13","slug":"prenez-contact-en-nous-appelant-par-telephone","status":"publish","type":"page","link":"https:\/\/www.lovabellabox.com\/?page_id=7","title":{"rendered":"Contact et tarifs"},"content":{"rendered":"\n<p>Prenez contact en nous appelant par t\u00e9l\u00e9phone ou envoyez nous un message en utilisant le questionnaire ci-dessous! <\/p>\n\n\n\n\n<div class=\"wpcf7 no-js\" id=\"wpcf7-f26-o1\" lang=\"fr-FR\" dir=\"ltr\">\n<div class=\"screen-reader-response\"><p role=\"status\" aria-live=\"polite\" aria-atomic=\"true\"><\/p> <ul><\/ul><\/div>\n<form action=\"\/index.php?rest_route=%2Fwp%2Fv2%2Fpages%2F7#wpcf7-f26-o1\" method=\"post\" class=\"wpcf7-form init\" aria-label=\"Formulaire de contact\" novalidate=\"novalidate\" data-status=\"init\">\n<div style=\"display: none;\">\n<input type=\"hidden\" name=\"_wpcf7\" value=\"26\" \/>\n<input type=\"hidden\" name=\"_wpcf7_version\" value=\"5.8.6\" \/>\n<input type=\"hidden\" name=\"_wpcf7_locale\" value=\"fr_FR\" \/>\n<input type=\"hidden\" name=\"_wpcf7_unit_tag\" value=\"wpcf7-f26-o1\" \/>\n<input type=\"hidden\" name=\"_wpcf7_container_post\" value=\"0\" \/>\n<input type=\"hidden\" name=\"_wpcf7_posted_data_hash\" value=\"\" \/>\n<input type=\"hidden\" name=\"_wpcf7_recaptcha_response\" value=\"\" \/>\n<\/div>\n<p><label> Votre nom<br \/>\n<span class=\"wpcf7-form-control-wrap\" data-name=\"your-name\"><input size=\"40\" class=\"wpcf7-form-control wpcf7-text wpcf7-validates-as-required\" autocomplete=\"name\" aria-required=\"true\" aria-invalid=\"false\" value=\"\" type=\"text\" name=\"your-name\" \/><\/span> <\/label>\n<\/p>\n<p><label> Votre e-mail<br \/>\n<span class=\"wpcf7-form-control-wrap\" data-name=\"your-email\"><input size=\"40\" class=\"wpcf7-form-control wpcf7-email wpcf7-validates-as-required wpcf7-text wpcf7-validates-as-email\" autocomplete=\"email\" aria-required=\"true\" aria-invalid=\"false\" value=\"\" type=\"email\" name=\"your-email\" \/><\/span> <\/label>\n<\/p>\n<p><label> Objet<br \/>\n<span class=\"wpcf7-form-control-wrap\" data-name=\"your-subject\"><input size=\"40\" class=\"wpcf7-form-control wpcf7-text wpcf7-validates-as-required\" aria-required=\"true\" aria-invalid=\"false\" value=\"\" type=\"text\" name=\"your-subject\" \/><\/span> <\/label>\n<\/p>\n<p><label> Votre message (facultatif)<br \/>\n<span class=\"wpcf7-form-control-wrap\" data-name=\"your-message\"><textarea cols=\"40\" rows=\"10\" class=\"wpcf7-form-control wpcf7-textarea\" aria-invalid=\"false\" name=\"your-message\"><\/textarea><\/span> <\/label>\n<\/p>\n<p><input class=\"wpcf7-form-control wpcf7-submit has-spinner\" type=\"submit\" value=\"Envoyer\" \/>\n<\/p><div class=\"wpcf7-response-output\" aria-hidden=\"true\"><\/div>\n<\/form>\n<\/div>\n\n\n\n\n<p><\/p>\n\n\n\n<p class=\"has-text-align-center has-vivid-red-color has-pale-ocean-gradient-background has-text-color has-background has-link-color wp-elements-f891f7bdb739a66c8e5b0c1b68d9f700\"><strong>Tarifs \u00e0 la nuit\u00e9e<\/strong><\/p>\n\n\n\n<p>-150\u20ac comprenant la nuit, un pack ap\u00e9ritif et le petit d\u00e9jeuner gourmand<\/p>\n\n\n\n<p>possibilit\u00e9 de louer la chambre sans petit d\u00e9jeuner ni pack ap\u00e9ro pour 120\u20ac.<\/p>\n\n\n\n<p>Arriv\u00e9e possible d\u00e8s 15H00, d\u00e9part au plus tard \u00e0 11H00 le lendemain<\/p>\n\n\n\n<p><\/p>\n\n\n\n<p class=\"has-text-align-center has-vivid-red-color has-pale-ocean-gradient-background has-text-color has-background has-link-color wp-elements-6f63e63dcd9f52f8c228f19a3e345560\"><strong>Tarifs \u00e0 la demi-journ\u00e9e<\/strong><\/p>\n\n\n\n<p>-80\u20ac<\/p>\n\n\n\n<p>Cr\u00e9neau de 12H00 \u00e0 17H00<\/p>\n\n\n\n<p><\/p>\n\n\n\n<p><\/p>\n\n\n\n<p>Prenez contact en nous appelant par t\u00e9l\u00e9phone ou envoyez nous un message en utilisant le questionnaire ci-dessus!<\/p>\n\n\n\n<p class=\"has-text-align-center has-vivid-red-color has-pale-ocean-gradient-background has-text-color has-background has-link-color wp-elements-aa663636da173c26e73be57c27742a39\"><a href=\"https:\/\/www.lovabellabox.com\/?page_id=112\"><strong>Tarifs des options<\/strong><\/a><\/p>\n\n\n\n<p><a href=\"https:\/\/www.abellasportstudio.com\">S\u00e9ance de coaching personnalis\u00e9e<\/a> d&rsquo;une heure pour une personne: 15\u20ac<\/p>\n\n\n\n<p>Acc\u00e8s libre \u00e0 la salle de sport deux heures: 40\u20ac<\/p>\n\n\n\n<p>Initiation Pole dance d&rsquo;une heure pour une personne: 15\u20ac<\/p>\n\n\n\n<p>S\u00e9ance de sauna d&rsquo;une heure avec r\u00e9servation du cr\u00e9neau horaire: 30\u20ac<\/p>\n\n\n\n<p>Massage individuel de 30mn: 30\u20ac<\/p>\n\n\n\n<p class=\"has-text-align-center has-vivid-red-color has-pale-ocean-gradient-background has-text-color has-background has-link-color wp-elements-3546bd4e81f0601873e6c9479da2dc90\"><strong>Caution<\/strong><\/p>\n\n\n\n<p>Un ch\u00e8que de 1000\u20ac est \u00e0 fournir pour valider la r\u00e9servation minimum 48 heures avant votre arriv\u00e9e.<\/p>\n\n\n\n<p><\/p>\n\n\n\n<p class=\"has-text-align-center has-vivid-red-color has-pale-ocean-gradient-background has-text-color has-background has-link-color wp-elements-38a0288b102a2d79a0639d269db9f8d4\"><strong>Modes de paiement<\/strong><\/p>\n\n\n\n<p>Vous avez comme moyens de r\u00e8glement de votre location: <\/p>\n\n\n\n<p>Virement bancaire, LYF ou PAYLIB ou encore en esp\u00e8ces si vous avez la possibilit\u00e9 de vous d\u00e9placer pour r\u00e9server.<\/p>\n\n\n<div class=\"wp-block-image is-style-rounded\">\n<figure class=\"aligncenter size-large is-resized\"><img loading=\"lazy\" decoding=\"async\" width=\"589\" height=\"1024\" src=\"https:\/\/www.lovabellabox.com\/wp-content\/uploads\/2023\/11\/Contact-2-589x1024.jpg\" alt=\"prenez contact en nous appelant par t\u00e9l\u00e9phone\" class=\"wp-image-365\" style=\"width:397px;height:auto\" srcset=\"https:\/\/www.lovabellabox.com\/wp-content\/uploads\/2023\/11\/Contact-2-589x1024.jpg 589w, https:\/\/www.lovabellabox.com\/wp-content\/uploads\/2023\/11\/Contact-2-173x300.jpg 173w, https:\/\/www.lovabellabox.com\/wp-content\/uploads\/2023\/11\/Contact-2-768x1335.jpg 768w, https:\/\/www.lovabellabox.com\/wp-content\/uploads\/2023\/11\/Contact-2-884x1536.jpg 884w, https:\/\/www.lovabellabox.com\/wp-content\/uploads\/2023\/11\/Contact-2.jpg 1125w\" sizes=\"auto, (max-width: 589px) 100vw, 589px\" \/><\/figure>\n<\/div>\n\n\n<p class=\"has-text-align-center has-cool-to-warm-spectrum-gradient-background has-background\">\u00ab\u00a0Venez passez un moment inoubliable en r\u00e9servant notre love room. Nous vous donnons acc\u00e8s \u00e0 notre petit cocoon vintage et torride.<br>Nous sommes heureux de vous y accueillir. Les nuits de plaisir seront au rendez vous gr\u00e2ce \u00e0 nos \u00e9quipements d&rsquo;exception. Alors, prenez rendez-vous!\u00a0\u00bb<\/p>\n","protected":false},"excerpt":{"rendered":"<p>Prenez contact en nous appelant par t\u00e9l\u00e9phone ou envoyez nous un message en utilisant le questionnaire ci-dessous! Tarifs \u00e0 la nuit\u00e9e -150\u20ac comprenant la nuit, un pack ap\u00e9ritif et le petit d\u00e9jeuner gourmand possibilit\u00e9 de louer la chambre sans petit d\u00e9jeuner ni pack ap\u00e9ro pour 120\u20ac. Arriv\u00e9e possible d\u00e8s 15H00, d\u00e9part au plus tard \u00e0 [&hellip;]<\/p>\n","protected":false},"author":1,"featured_media":0,"parent":0,"menu_order":0,"comment_status":"closed","ping_status":"closed","template":"","meta":{"footnotes":""},"class_list":["post-7","page","type-page","status-publish","hentry"],"yoast_head":"<!-- This site is optimized with the Yoast SEO plugin v21.9 - https:\/\/yoast.com\/wordpress\/plugins\/seo\/ -->\n<title>prenez contact en nous appelant par t\u00e9l\u00e9phone - L.A.B. Love Abella Box<\/title>\n<meta name=\"description\" content=\"Prenez contact en nous appelant par t\u00e9l\u00e9phone. R\u00e9servez d\u00e8s \u00e0 pr\u00e9sent un moment d&#039;exception dans notre love room.\" \/>\n<meta name=\"robots\" content=\"index, follow, max-snippet:-1, max-image-preview:large, max-video-preview:-1\" \/>\n<link rel=\"canonical\" href=\"https:\/\/www.lovabellabox.com\/?page_id=7\" \/>\n<meta property=\"og:locale\" content=\"fr_FR\" \/>\n<meta property=\"og:type\" content=\"article\" \/>\n<meta property=\"og:title\" content=\"prenez contact en nous appelant par t\u00e9l\u00e9phone - L.A.B. Love Abella Box\" \/>\n<meta property=\"og:description\" content=\"Prenez contact en nous appelant par t\u00e9l\u00e9phone. R\u00e9servez d\u00e8s \u00e0 pr\u00e9sent un moment d&#039;exception dans notre love room.\" \/>\n<meta property=\"og:url\" content=\"https:\/\/www.lovabellabox.com\/?page_id=7\" \/>\n<meta property=\"og:site_name\" content=\"L.A.B. Love Abella Box\" \/>\n<meta property=\"article:modified_time\" content=\"2025-02-04T23:18:13+00:00\" \/>\n<meta property=\"og:image\" content=\"https:\/\/www.lovabellabox.com\/wp-content\/uploads\/2023\/11\/Contact-2-589x1024.jpg\" \/>\n<meta name=\"twitter:card\" content=\"summary_large_image\" \/>\n<meta name=\"twitter:label1\" content=\"Dur\u00e9e de lecture estim\u00e9e\" \/>\n\t<meta name=\"twitter:data1\" content=\"2 minutes\" \/>\n<script type=\"application\/ld+json\" class=\"yoast-schema-graph\">{\"@context\":\"https:\/\/schema.org\",\"@graph\":[{\"@type\":\"WebPage\",\"@id\":\"https:\/\/www.lovabellabox.com\/?page_id=7\",\"url\":\"https:\/\/www.lovabellabox.com\/?page_id=7\",\"name\":\"prenez contact en nous appelant par t\u00e9l\u00e9phone - L.A.B. Love Abella Box\",\"isPartOf\":{\"@id\":\"https:\/\/www.lovabellabox.com\/#website\"},\"datePublished\":\"2023-11-05T09:47:19+00:00\",\"dateModified\":\"2025-02-04T23:18:13+00:00\",\"description\":\"Prenez contact en nous appelant par t\u00e9l\u00e9phone. R\u00e9servez d\u00e8s \u00e0 pr\u00e9sent un moment d'exception dans notre love room.\",\"inLanguage\":\"fr-FR\",\"potentialAction\":[{\"@type\":\"ReadAction\",\"target\":[\"https:\/\/www.lovabellabox.com\/?page_id=7\"]}]},{\"@type\":\"WebSite\",\"@id\":\"https:\/\/www.lovabellabox.com\/#website\",\"url\":\"https:\/\/www.lovabellabox.com\/\",\"name\":\"L.A.B. Love Abella Box\",\"description\":\"\",\"publisher\":{\"@id\":\"https:\/\/www.lovabellabox.com\/#organization\"},\"potentialAction\":[{\"@type\":\"SearchAction\",\"target\":{\"@type\":\"EntryPoint\",\"urlTemplate\":\"https:\/\/www.lovabellabox.com\/?s={search_term_string}\"},\"query-input\":\"required name=search_term_string\"}],\"inLanguage\":\"fr-FR\"},{\"@type\":\"Organization\",\"@id\":\"https:\/\/www.lovabellabox.com\/#organization\",\"name\":\"L.A.B. Love Abella Box\",\"url\":\"https:\/\/www.lovabellabox.com\/\",\"logo\":{\"@type\":\"ImageObject\",\"inLanguage\":\"fr-FR\",\"@id\":\"https:\/\/www.lovabellabox.com\/#\/schema\/logo\/image\/\",\"url\":\"https:\/\/www.lovabellabox.com\/wp-content\/uploads\/2023\/11\/IMG_8991-5-scaled.jpeg\",\"contentUrl\":\"https:\/\/www.lovabellabox.com\/wp-content\/uploads\/2023\/11\/IMG_8991-5-scaled.jpeg\",\"width\":2560,\"height\":2529,\"caption\":\"L.A.B. Love Abella Box\"},\"image\":{\"@id\":\"https:\/\/www.lovabellabox.com\/#\/schema\/logo\/image\/\"}}]}<\/script>\n<!-- \/ Yoast SEO plugin. -->","yoast_head_json":{"title":"prenez contact en nous appelant par t\u00e9l\u00e9phone - L.A.B. Love Abella Box","description":"Prenez contact en nous appelant par t\u00e9l\u00e9phone. R\u00e9servez d\u00e8s \u00e0 pr\u00e9sent un moment d'exception dans notre love room.","robots":{"index":"index","follow":"follow","max-snippet":"max-snippet:-1","max-image-preview":"max-image-preview:large","max-video-preview":"max-video-preview:-1"},"canonical":"https:\/\/www.lovabellabox.com\/?page_id=7","og_locale":"fr_FR","og_type":"article","og_title":"prenez contact en nous appelant par t\u00e9l\u00e9phone - L.A.B. Love Abella Box","og_description":"Prenez contact en nous appelant par t\u00e9l\u00e9phone. R\u00e9servez d\u00e8s \u00e0 pr\u00e9sent un moment d'exception dans notre love room.","og_url":"https:\/\/www.lovabellabox.com\/?page_id=7","og_site_name":"L.A.B. Love Abella Box","article_modified_time":"2025-02-04T23:18:13+00:00","og_image":[{"url":"https:\/\/www.lovabellabox.com\/wp-content\/uploads\/2023\/11\/Contact-2-589x1024.jpg"}],"twitter_card":"summary_large_image","twitter_misc":{"Dur\u00e9e de lecture estim\u00e9e":"2 minutes"},"schema":{"@context":"https:\/\/schema.org","@graph":[{"@type":"WebPage","@id":"https:\/\/www.lovabellabox.com\/?page_id=7","url":"https:\/\/www.lovabellabox.com\/?page_id=7","name":"prenez contact en nous appelant par t\u00e9l\u00e9phone - L.A.B. Love Abella Box","isPartOf":{"@id":"https:\/\/www.lovabellabox.com\/#website"},"datePublished":"2023-11-05T09:47:19+00:00","dateModified":"2025-02-04T23:18:13+00:00","description":"Prenez contact en nous appelant par t\u00e9l\u00e9phone. R\u00e9servez d\u00e8s \u00e0 pr\u00e9sent un moment d'exception dans notre love room.","inLanguage":"fr-FR","potentialAction":[{"@type":"ReadAction","target":["https:\/\/www.lovabellabox.com\/?page_id=7"]}]},{"@type":"WebSite","@id":"https:\/\/www.lovabellabox.com\/#website","url":"https:\/\/www.lovabellabox.com\/","name":"L.A.B. Love Abella Box","description":"","publisher":{"@id":"https:\/\/www.lovabellabox.com\/#organization"},"potentialAction":[{"@type":"SearchAction","target":{"@type":"EntryPoint","urlTemplate":"https:\/\/www.lovabellabox.com\/?s={search_term_string}"},"query-input":"required name=search_term_string"}],"inLanguage":"fr-FR"},{"@type":"Organization","@id":"https:\/\/www.lovabellabox.com\/#organization","name":"L.A.B. Love Abella Box","url":"https:\/\/www.lovabellabox.com\/","logo":{"@type":"ImageObject","inLanguage":"fr-FR","@id":"https:\/\/www.lovabellabox.com\/#\/schema\/logo\/image\/","url":"https:\/\/www.lovabellabox.com\/wp-content\/uploads\/2023\/11\/IMG_8991-5-scaled.jpeg","contentUrl":"https:\/\/www.lovabellabox.com\/wp-content\/uploads\/2023\/11\/IMG_8991-5-scaled.jpeg","width":2560,"height":2529,"caption":"L.A.B. Love Abella Box"},"image":{"@id":"https:\/\/www.lovabellabox.com\/#\/schema\/logo\/image\/"}}]}},"_links":{"self":[{"href":"https:\/\/www.lovabellabox.com\/index.php?rest_route=\/wp\/v2\/pages\/7","targetHints":{"allow":["GET"]}}],"collection":[{"href":"https:\/\/www.lovabellabox.com\/index.php?rest_route=\/wp\/v2\/pages"}],"about":[{"href":"https:\/\/www.lovabellabox.com\/index.php?rest_route=\/wp\/v2\/types\/page"}],"author":[{"embeddable":true,"href":"https:\/\/www.lovabellabox.com\/index.php?rest_route=\/wp\/v2\/users\/1"}],"replies":[{"embeddable":true,"href":"https:\/\/www.lovabellabox.com\/index.php?rest_route=%2Fwp%2Fv2%2Fcomments&post=7"}],"version-history":[{"count":23,"href":"https:\/\/www.lovabellabox.com\/index.php?rest_route=\/wp\/v2\/pages\/7\/revisions"}],"predecessor-version":[{"id":399,"href":"https:\/\/www.lovabellabox.com\/index.php?rest_route=\/wp\/v2\/pages\/7\/revisions\/399"}],"wp:attachment":[{"href":"https:\/\/www.lovabellabox.com\/index.php?rest_route=%2Fwp%2Fv2%2Fmedia&parent=7"}],"curies":[{"name":"wp","href":"https:\/\/api.w.org\/{rel}","templated":true}]}}