{"id":6,"date":"2023-11-05T10:47:19","date_gmt":"2023-11-05T09:47:19","guid":{"rendered":"https:\/\/www.lovabellabox.com\/?page_id=6"},"modified":"2023-11-23T00:30:59","modified_gmt":"2023-11-22T23:30:59","slug":"love-room","status":"publish","type":"page","link":"https:\/\/www.lovabellabox.com\/?page_id=6","title":{"rendered":"Love room"},"content":{"rendered":"\n<h1 class=\"wp-block-heading has-vivid-red-color has-text-color\" style=\"font-size:56px\">Love Abella Box<\/h1>\n\n\n\n<p class=\"has-vivid-cyan-blue-color has-white-background-color has-text-color has-background\">LAB, la Love Room seventies de la C\u00f4te d&rsquo;Opale.<\/p>\n\n\n\n<h2 class=\"wp-block-heading\"><em><strong>Exp\u00e9rience<\/strong><\/em>&#8230;<\/h2>\n\n\n\n<p>\u2764\ufe0f\u200d\ud83d\udd25\ud83d\udd1e<\/p>\n\n\n\n<p><\/p>\n\n\n\n<p>Vivez des moments passionnants dans notre Love room, Love Abella Box, inspir\u00e9e des ann\u00e9es 70, o\u00f9 se dissimule une pi\u00e8ce secr\u00e8te pour des aventures adultes en toute discr\u00e9tion. <\/p>\n\n\n\n<p>Evadez-vous dans cette suite pour Grandes Personnes pendant une nuit ou une demi-journ\u00e9e.<\/p>\n\n\n\n<p>Tout d&rsquo;abord, d\u00e9butez votre exp\u00e9rience par notre ap\u00e9ritif de bienvenue \ud83e\udd42et plongez dans une ambiance sensuelle et musicale.<\/p>\n\n\n\n<p>Ensuite, vous pourrez alterner les moments de plaisirs torrides et les moments de d\u00e9tente dans le confort cette Love room douillette. <\/p>\n\n\n\n<p>Un Sling \u00e9quipe notre <a href=\"https:\/\/www.lovabellabox.com\/?page_id=160\">donjon secret<\/a>. Une croix de Saint Andr\u00e9 et d&rsquo;autres agr\u00e8s sont \u00e0 d\u00e9couvrir \ud83d\ude08.<\/p>\n\n\n\n<p>Enfin le lendemain, vous compl\u00e9terez votre exp\u00e9rience par un d\u00e9licieux petit d\u00e9jeuner. <\/p>\n\n\n\n<p>\u2615\ufe0f\ud83e\udd50<\/p>\n\n\n\n<h2 class=\"wp-block-heading\"><em><strong>les petits plus&#8230;<\/strong><\/em><\/h2>\n\n\n\n<p>Vous pourrez profiter, selon vos envies, de notre <a href=\"https:\/\/www.abellasportstudio.com\/pole-dance-cross-training-fitness-boulogne-sur-mer\/\">salle de sport<\/a> ou de notre espace bien-\u00eatre.<\/p>\n\n\n\n<p><a href=\"https:\/\/www.lovabellabox.com\/?page_id=112\">Plusieurs options<\/a> sont \u00e0 votre disposition, telles que des s\u00e9ances de sport coach\u00e9es par des professionnels, des moments de massages ou un instant d\u00e9tente dans notre sauna.<\/p>\n\n\n\n<p>\ud83d\udcaa\ud83e\uddd8\u200d\u2642\ufe0f<\/p>\n\n\n\n<h2 class=\"wp-block-heading\"><em><strong>Ambiance&#8230;<\/strong><\/em><\/h2>\n\n\n\n<p><\/p>\n\n\n\n<p>Gr\u00e2ce \u00e0 ce cadre r\u00e9tro des ann\u00e9es 70, vous vivrez une parenth\u00e8se impr\u00e9gn\u00e9e de nostalgie. <\/p>\n\n\n\n<p>Situ\u00e9 sur la c\u00f4te d&rsquo;opale \u00e0 10 minutes de la mer, le LAB est localis\u00e9 \u00e0 Saint-\u00c9tienne-au-Mont dans le Pas-de-Calais, \u00e0 seulement 30 minutes du Touquet et de Calais.<\/p>\n\n\n\n<p>Plongez dans l&rsquo;univers feutr\u00e9 de notre Love-room gr\u00e2ce \u00e0 une platine d&rsquo;\u00e9poque qui \u00e9quipe notre studio. Elle vous permettra de r\u00e9\u00e9couter le son envo\u00fbtant des disques vinyles. <\/p>\n\n\n\n<p>Laissez-vous emporter par une vari\u00e9t\u00e9 de musiques captivantes et profondes. <\/p>\n\n\n\n<p>\ud83d\ude0c\ud83d\udc98<\/p>\n\n\n\n<h2 class=\"wp-block-heading\"><strong><em>Services&#8230;.<\/em><\/strong><\/h2>\n\n\n\n<p>Il y a aussi une t\u00e9l\u00e9 connect\u00e9e et un acc\u00e8s libre au wifi qui modernisent et compl\u00e8tent l&rsquo;\u00e9quipement. <\/p>\n\n\n\n<p>Quant \u00e0 notre service, il se veut de qualit\u00e9, personnalis\u00e9 et sur mesure de style h\u00f4telier. <\/p>\n\n\n\n<p>Le linge de maison draps et serviettes sont \u00e0 disposition. <\/p>\n\n\n\n<p>De plus l&rsquo;accueil se fait en pr\u00e9sence de vos h\u00f4tes. . <\/p>\n\n\n\n<p>Le vestiaire, le WC et la salle de douche sont privatifs. <\/p>\n\n\n\n<p>Les Motards pourront prot\u00e9g\u00e9s leurs engins dans un parking s\u00e9curis\u00e9.<\/p>\n\n\n\n<p>Ainsi cette Love-room ind\u00e9pendante vous attend pour une exp\u00e9rience inoubliable.<\/p>\n\n\n\n<p>\ud83c\udfe9\ud83d\udd1e<\/p>\n\n\n\n<figure class=\"wp-block-image size-large is-resized is-style-rounded\"><img loading=\"lazy\" decoding=\"async\" width=\"768\" height=\"1024\" src=\"https:\/\/www.lovabellabox.com\/wp-content\/uploads\/2023\/11\/IMG_9751-768x1024.jpeg\" alt=\"Bella, la muse de l'Abella\n\" class=\"wp-image-278\" style=\"width:840px;height:auto\" srcset=\"https:\/\/www.lovabellabox.com\/wp-content\/uploads\/2023\/11\/IMG_9751-768x1024.jpeg 768w, https:\/\/www.lovabellabox.com\/wp-content\/uploads\/2023\/11\/IMG_9751-225x300.jpeg 225w, https:\/\/www.lovabellabox.com\/wp-content\/uploads\/2023\/11\/IMG_9751-1152x1536.jpeg 1152w, https:\/\/www.lovabellabox.com\/wp-content\/uploads\/2023\/11\/IMG_9751-1536x2048.jpeg 1536w, https:\/\/www.lovabellabox.com\/wp-content\/uploads\/2023\/11\/IMG_9751-scaled.jpeg 1920w\" sizes=\"auto, (max-width: 768px) 100vw, 768px\" \/><\/figure>\n\n\n\n<p class=\"has-text-align-center\"> Bella, la muse de l&rsquo;Abella Box<\/p>\n","protected":false},"excerpt":{"rendered":"<p>Love Abella Box LAB, la Love Room seventies de la C\u00f4te d&rsquo;Opale. Exp\u00e9rience&#8230; \u2764\ufe0f\u200d\ud83d\udd25\ud83d\udd1e Vivez des moments passionnants dans notre Love room, Love Abella Box, inspir\u00e9e des ann\u00e9es 70, o\u00f9 se dissimule une pi\u00e8ce secr\u00e8te pour des aventures adultes en toute discr\u00e9tion. Evadez-vous dans cette suite pour Grandes Personnes pendant une nuit ou une demi-journ\u00e9e. [&hellip;]<\/p>\n","protected":false},"author":1,"featured_media":0,"parent":0,"menu_order":0,"comment_status":"closed","ping_status":"closed","template":"","meta":{"footnotes":""},"class_list":["post-6","page","type-page","status-publish","hentry"],"yoast_head":"<!-- This site is optimized with the Yoast SEO plugin v21.9 - https:\/\/yoast.com\/wordpress\/plugins\/seo\/ -->\n<title>Love room - L.A.B. Love Abella Box<\/title>\n<meta name=\"description\" content=\"Notre Love room est d\u00e9di\u00e9e aux plaisirs et \u00e0 la d\u00e9tente pour une nuit ou une demi-journ\u00e9e en toute discr\u00e9tion sur la C\u00f4te d&#039;Opale .\" \/>\n<meta name=\"robots\" content=\"index, follow, max-snippet:-1, max-image-preview:large, max-video-preview:-1\" \/>\n<link rel=\"canonical\" href=\"https:\/\/www.lovabellabox.com\/?page_id=6\" \/>\n<meta property=\"og:locale\" content=\"fr_FR\" \/>\n<meta property=\"og:type\" content=\"article\" \/>\n<meta property=\"og:title\" content=\"Love room - L.A.B. Love Abella Box\" \/>\n<meta property=\"og:description\" content=\"Notre Love room est d\u00e9di\u00e9e aux plaisirs et \u00e0 la d\u00e9tente pour une nuit ou une demi-journ\u00e9e en toute discr\u00e9tion sur la C\u00f4te d&#039;Opale .\" \/>\n<meta property=\"og:url\" content=\"https:\/\/www.lovabellabox.com\/?page_id=6\" \/>\n<meta property=\"og:site_name\" content=\"L.A.B. Love Abella Box\" \/>\n<meta property=\"article:modified_time\" content=\"2023-11-22T23:30:59+00:00\" \/>\n<meta property=\"og:image\" content=\"https:\/\/www.lovabellabox.com\/wp-content\/uploads\/2023\/11\/IMG_9751-768x1024.jpeg\" \/>\n<meta name=\"twitter:card\" content=\"summary_large_image\" \/>\n<meta name=\"twitter:label1\" content=\"Dur\u00e9e de lecture estim\u00e9e\" \/>\n\t<meta name=\"twitter:data1\" content=\"2 minutes\" \/>\n<script type=\"application\/ld+json\" class=\"yoast-schema-graph\">{\"@context\":\"https:\/\/schema.org\",\"@graph\":[{\"@type\":\"Article\",\"@id\":\"https:\/\/www.lovabellabox.com\/?page_id=6#article\",\"isPartOf\":{\"@id\":\"https:\/\/www.lovabellabox.com\/?page_id=6\"},\"author\":{\"name\":\"admin\",\"@id\":\"https:\/\/www.lovabellabox.com\/#\/schema\/person\/15c4dddcef3eaf3fe2cc3736ccc0c7e1\"},\"headline\":\"Love room\",\"datePublished\":\"2023-11-05T09:47:19+00:00\",\"dateModified\":\"2023-11-22T23:30:59+00:00\",\"mainEntityOfPage\":{\"@id\":\"https:\/\/www.lovabellabox.com\/?page_id=6\"},\"wordCount\":379,\"publisher\":{\"@id\":\"https:\/\/www.lovabellabox.com\/#organization\"},\"inLanguage\":\"fr-FR\"},{\"@type\":[\"WebPage\",\"AboutPage\"],\"@id\":\"https:\/\/www.lovabellabox.com\/?page_id=6\",\"url\":\"https:\/\/www.lovabellabox.com\/?page_id=6\",\"name\":\"Love room - L.A.B. Love Abella Box\",\"isPartOf\":{\"@id\":\"https:\/\/www.lovabellabox.com\/#website\"},\"datePublished\":\"2023-11-05T09:47:19+00:00\",\"dateModified\":\"2023-11-22T23:30:59+00:00\",\"description\":\"Notre Love room est d\u00e9di\u00e9e aux plaisirs et \u00e0 la d\u00e9tente pour une nuit ou une demi-journ\u00e9e en toute discr\u00e9tion sur la C\u00f4te d'Opale .\",\"inLanguage\":\"fr-FR\",\"potentialAction\":[{\"@type\":\"ReadAction\",\"target\":[\"https:\/\/www.lovabellabox.com\/?page_id=6\"]}]},{\"@type\":\"WebSite\",\"@id\":\"https:\/\/www.lovabellabox.com\/#website\",\"url\":\"https:\/\/www.lovabellabox.com\/\",\"name\":\"L.A.B. Love Abella Box\",\"description\":\"\",\"publisher\":{\"@id\":\"https:\/\/www.lovabellabox.com\/#organization\"},\"potentialAction\":[{\"@type\":\"SearchAction\",\"target\":{\"@type\":\"EntryPoint\",\"urlTemplate\":\"https:\/\/www.lovabellabox.com\/?s={search_term_string}\"},\"query-input\":\"required name=search_term_string\"}],\"inLanguage\":\"fr-FR\"},{\"@type\":\"Organization\",\"@id\":\"https:\/\/www.lovabellabox.com\/#organization\",\"name\":\"L.A.B. Love Abella Box\",\"url\":\"https:\/\/www.lovabellabox.com\/\",\"logo\":{\"@type\":\"ImageObject\",\"inLanguage\":\"fr-FR\",\"@id\":\"https:\/\/www.lovabellabox.com\/#\/schema\/logo\/image\/\",\"url\":\"https:\/\/www.lovabellabox.com\/wp-content\/uploads\/2023\/11\/IMG_8991-5-scaled.jpeg\",\"contentUrl\":\"https:\/\/www.lovabellabox.com\/wp-content\/uploads\/2023\/11\/IMG_8991-5-scaled.jpeg\",\"width\":2560,\"height\":2529,\"caption\":\"L.A.B. Love Abella Box\"},\"image\":{\"@id\":\"https:\/\/www.lovabellabox.com\/#\/schema\/logo\/image\/\"}},{\"@type\":\"Person\",\"@id\":\"https:\/\/www.lovabellabox.com\/#\/schema\/person\/15c4dddcef3eaf3fe2cc3736ccc0c7e1\",\"name\":\"admin\",\"image\":{\"@type\":\"ImageObject\",\"inLanguage\":\"fr-FR\",\"@id\":\"https:\/\/www.lovabellabox.com\/#\/schema\/person\/image\/\",\"url\":\"https:\/\/secure.gravatar.com\/avatar\/9ba540793395396b6fb7f285118840e68fb145bb0e40cc08563cdfc55799a7de?s=96&d=mm&r=g\",\"contentUrl\":\"https:\/\/secure.gravatar.com\/avatar\/9ba540793395396b6fb7f285118840e68fb145bb0e40cc08563cdfc55799a7de?s=96&d=mm&r=g\",\"caption\":\"admin\"},\"sameAs\":[\"https:\/\/www.lovabellabox.com\"],\"url\":\"https:\/\/www.lovabellabox.com\/?author=1\"}]}<\/script>\n<!-- \/ Yoast SEO plugin. -->","yoast_head_json":{"title":"Love room - L.A.B. Love Abella Box","description":"Notre Love room est d\u00e9di\u00e9e aux plaisirs et \u00e0 la d\u00e9tente pour une nuit ou une demi-journ\u00e9e en toute discr\u00e9tion sur la C\u00f4te d'Opale .","robots":{"index":"index","follow":"follow","max-snippet":"max-snippet:-1","max-image-preview":"max-image-preview:large","max-video-preview":"max-video-preview:-1"},"canonical":"https:\/\/www.lovabellabox.com\/?page_id=6","og_locale":"fr_FR","og_type":"article","og_title":"Love room - L.A.B. Love Abella Box","og_description":"Notre Love room est d\u00e9di\u00e9e aux plaisirs et \u00e0 la d\u00e9tente pour une nuit ou une demi-journ\u00e9e en toute discr\u00e9tion sur la C\u00f4te d'Opale .","og_url":"https:\/\/www.lovabellabox.com\/?page_id=6","og_site_name":"L.A.B. Love Abella Box","article_modified_time":"2023-11-22T23:30:59+00:00","og_image":[{"url":"https:\/\/www.lovabellabox.com\/wp-content\/uploads\/2023\/11\/IMG_9751-768x1024.jpeg"}],"twitter_card":"summary_large_image","twitter_misc":{"Dur\u00e9e de lecture estim\u00e9e":"2 minutes"},"schema":{"@context":"https:\/\/schema.org","@graph":[{"@type":"Article","@id":"https:\/\/www.lovabellabox.com\/?page_id=6#article","isPartOf":{"@id":"https:\/\/www.lovabellabox.com\/?page_id=6"},"author":{"name":"admin","@id":"https:\/\/www.lovabellabox.com\/#\/schema\/person\/15c4dddcef3eaf3fe2cc3736ccc0c7e1"},"headline":"Love room","datePublished":"2023-11-05T09:47:19+00:00","dateModified":"2023-11-22T23:30:59+00:00","mainEntityOfPage":{"@id":"https:\/\/www.lovabellabox.com\/?page_id=6"},"wordCount":379,"publisher":{"@id":"https:\/\/www.lovabellabox.com\/#organization"},"inLanguage":"fr-FR"},{"@type":["WebPage","AboutPage"],"@id":"https:\/\/www.lovabellabox.com\/?page_id=6","url":"https:\/\/www.lovabellabox.com\/?page_id=6","name":"Love room - L.A.B. Love Abella Box","isPartOf":{"@id":"https:\/\/www.lovabellabox.com\/#website"},"datePublished":"2023-11-05T09:47:19+00:00","dateModified":"2023-11-22T23:30:59+00:00","description":"Notre Love room est d\u00e9di\u00e9e aux plaisirs et \u00e0 la d\u00e9tente pour une nuit ou une demi-journ\u00e9e en toute discr\u00e9tion sur la C\u00f4te d'Opale .","inLanguage":"fr-FR","potentialAction":[{"@type":"ReadAction","target":["https:\/\/www.lovabellabox.com\/?page_id=6"]}]},{"@type":"WebSite","@id":"https:\/\/www.lovabellabox.com\/#website","url":"https:\/\/www.lovabellabox.com\/","name":"L.A.B. Love Abella Box","description":"","publisher":{"@id":"https:\/\/www.lovabellabox.com\/#organization"},"potentialAction":[{"@type":"SearchAction","target":{"@type":"EntryPoint","urlTemplate":"https:\/\/www.lovabellabox.com\/?s={search_term_string}"},"query-input":"required name=search_term_string"}],"inLanguage":"fr-FR"},{"@type":"Organization","@id":"https:\/\/www.lovabellabox.com\/#organization","name":"L.A.B. Love Abella Box","url":"https:\/\/www.lovabellabox.com\/","logo":{"@type":"ImageObject","inLanguage":"fr-FR","@id":"https:\/\/www.lovabellabox.com\/#\/schema\/logo\/image\/","url":"https:\/\/www.lovabellabox.com\/wp-content\/uploads\/2023\/11\/IMG_8991-5-scaled.jpeg","contentUrl":"https:\/\/www.lovabellabox.com\/wp-content\/uploads\/2023\/11\/IMG_8991-5-scaled.jpeg","width":2560,"height":2529,"caption":"L.A.B. Love Abella Box"},"image":{"@id":"https:\/\/www.lovabellabox.com\/#\/schema\/logo\/image\/"}},{"@type":"Person","@id":"https:\/\/www.lovabellabox.com\/#\/schema\/person\/15c4dddcef3eaf3fe2cc3736ccc0c7e1","name":"admin","image":{"@type":"ImageObject","inLanguage":"fr-FR","@id":"https:\/\/www.lovabellabox.com\/#\/schema\/person\/image\/","url":"https:\/\/secure.gravatar.com\/avatar\/9ba540793395396b6fb7f285118840e68fb145bb0e40cc08563cdfc55799a7de?s=96&d=mm&r=g","contentUrl":"https:\/\/secure.gravatar.com\/avatar\/9ba540793395396b6fb7f285118840e68fb145bb0e40cc08563cdfc55799a7de?s=96&d=mm&r=g","caption":"admin"},"sameAs":["https:\/\/www.lovabellabox.com"],"url":"https:\/\/www.lovabellabox.com\/?author=1"}]}},"_links":{"self":[{"href":"https:\/\/www.lovabellabox.com\/index.php?rest_route=\/wp\/v2\/pages\/6","targetHints":{"allow":["GET"]}}],"collection":[{"href":"https:\/\/www.lovabellabox.com\/index.php?rest_route=\/wp\/v2\/pages"}],"about":[{"href":"https:\/\/www.lovabellabox.com\/index.php?rest_route=\/wp\/v2\/types\/page"}],"author":[{"embeddable":true,"href":"https:\/\/www.lovabellabox.com\/index.php?rest_route=\/wp\/v2\/users\/1"}],"replies":[{"embeddable":true,"href":"https:\/\/www.lovabellabox.com\/index.php?rest_route=%2Fwp%2Fv2%2Fcomments&post=6"}],"version-history":[{"count":16,"href":"https:\/\/www.lovabellabox.com\/index.php?rest_route=\/wp\/v2\/pages\/6\/revisions"}],"predecessor-version":[{"id":362,"href":"https:\/\/www.lovabellabox.com\/index.php?rest_route=\/wp\/v2\/pages\/6\/revisions\/362"}],"wp:attachment":[{"href":"https:\/\/www.lovabellabox.com\/index.php?rest_route=%2Fwp%2Fv2%2Fmedia&parent=6"}],"curies":[{"name":"wp","href":"https:\/\/api.w.org\/{rel}","templated":true}]}}