{"id":294,"date":"2023-11-19T22:56:20","date_gmt":"2023-11-19T21:56:20","guid":{"rendered":"https:\/\/www.lovabellabox.com\/?page_id=294"},"modified":"2023-11-21T23:28:23","modified_gmt":"2023-11-21T22:28:23","slug":"love-room-avec-piece-secrete","status":"publish","type":"page","link":"https:\/\/www.lovabellabox.com\/","title":{"rendered":"ACCUEIL"},"content":{"rendered":"\n<p class=\"has-text-align-center\"><a href=\"https:\/\/www.lovabellabox.com\/?page_id=6\">Love room<\/a> avec pi\u00e8ce secr\u00e8te situ\u00e9e \u00e0 Saint Etienne au Mont \u00e0 30 mn du Touquet et de Calais. <\/p>\n\n\n\n<figure class=\"wp-block-image size-large is-resized is-style-rounded\"><img loading=\"lazy\" decoding=\"async\" width=\"1024\" height=\"593\" src=\"https:\/\/www.lovabellabox.com\/wp-content\/uploads\/2023\/11\/IMG_5961-1-1-1024x593.jpeg\" alt=\"\" class=\"wp-image-321\" style=\"width:840px;height:auto\" srcset=\"https:\/\/www.lovabellabox.com\/wp-content\/uploads\/2023\/11\/IMG_5961-1-1-1024x593.jpeg 1024w, https:\/\/www.lovabellabox.com\/wp-content\/uploads\/2023\/11\/IMG_5961-1-1-300x174.jpeg 300w, https:\/\/www.lovabellabox.com\/wp-content\/uploads\/2023\/11\/IMG_5961-1-1-768x445.jpeg 768w, https:\/\/www.lovabellabox.com\/wp-content\/uploads\/2023\/11\/IMG_5961-1-1-1536x889.jpeg 1536w, https:\/\/www.lovabellabox.com\/wp-content\/uploads\/2023\/11\/IMG_5961-1-1-2048x1186.jpeg 2048w\" sizes=\"auto, (max-width: 1024px) 100vw, 1024px\" \/><\/figure>\n\n\n\n<p class=\"has-text-align-center\">Univers r\u00e9tro seventies<\/p>\n\n\n\n<figure class=\"wp-block-image size-large is-style-rounded\"><img loading=\"lazy\" decoding=\"async\" width=\"1024\" height=\"550\" src=\"https:\/\/www.lovabellabox.com\/wp-content\/uploads\/2023\/11\/IMG_5951-1-1024x550.jpeg\" alt=\"\" class=\"wp-image-322\" srcset=\"https:\/\/www.lovabellabox.com\/wp-content\/uploads\/2023\/11\/IMG_5951-1-1024x550.jpeg 1024w, https:\/\/www.lovabellabox.com\/wp-content\/uploads\/2023\/11\/IMG_5951-1-300x161.jpeg 300w, https:\/\/www.lovabellabox.com\/wp-content\/uploads\/2023\/11\/IMG_5951-1-768x412.jpeg 768w, https:\/\/www.lovabellabox.com\/wp-content\/uploads\/2023\/11\/IMG_5951-1-1536x824.jpeg 1536w, https:\/\/www.lovabellabox.com\/wp-content\/uploads\/2023\/11\/IMG_5951-1-2048x1099.jpeg 2048w\" sizes=\"auto, (max-width: 1024px) 100vw, 1024px\" \/><\/figure>\n\n\n\n<p class=\"has-text-align-center\">Studio priv\u00e9 d\u00e9di\u00e9 au plaisir des couples gr\u00e2ce \u00e0 sa <a href=\"https:\/\/www.lovabellabox.com\/?page_id=160\">pi\u00e8ce secr\u00e8te<\/a>.<\/p>\n\n\n<div class=\"wp-block-image is-style-rounded\">\n<figure class=\"aligncenter size-large is-resized\"><img loading=\"lazy\" decoding=\"async\" width=\"1024\" height=\"883\" src=\"https:\/\/www.lovabellabox.com\/wp-content\/uploads\/2023\/11\/IMG_9811-1024x883.jpeg\" alt=\"\n\" class=\"wp-image-282\" style=\"width:830px;height:auto\" title=\"ap\u00e9ritif\" srcset=\"https:\/\/www.lovabellabox.com\/wp-content\/uploads\/2023\/11\/IMG_9811-1024x883.jpeg 1024w, https:\/\/www.lovabellabox.com\/wp-content\/uploads\/2023\/11\/IMG_9811-300x259.jpeg 300w, https:\/\/www.lovabellabox.com\/wp-content\/uploads\/2023\/11\/IMG_9811-768x662.jpeg 768w, https:\/\/www.lovabellabox.com\/wp-content\/uploads\/2023\/11\/IMG_9811-1536x1324.jpeg 1536w, https:\/\/www.lovabellabox.com\/wp-content\/uploads\/2023\/11\/IMG_9811-2048x1765.jpeg 2048w\" sizes=\"auto, (max-width: 1024px) 100vw, 1024px\" \/><\/figure>\n<\/div>\n\n\n<p class=\"has-text-align-center\">H\u00f4tes attentionn\u00e9s et s\u00e9jour personnalisable avec <a href=\"https:\/\/www.lovabellabox.com\/?page_id=112\">diverses options<\/a>.<\/p>\n\n\n\n<p>Nostalgique des show de <a href=\"https:\/\/www.youtube.com\/watch?v=In4DR_XL6dg\">Maritie et Gilbert Carpentier<\/a><\/p>\n\n\n\n<p>Sp\u00e9ciale d\u00e9dicace \u00e0 <a href=\"https:\/\/www.youtube.com\/watch?v=In4DR_XL6dg\">Serge Lama<\/a><\/p>\n\n\n\n<p>Femme Femme Femme<\/p>\n\n\n\n<p><\/p>\n\n\n\n<p class=\"has-text-align-center\">Et l&rsquo;ami mets ton habit de f\u00eate<br>Ton c\u0153ur de paillettes et ton regard heureux<br>Ce soir je t&#8217;emm\u00e8ne, on va faire la f\u00eate tous les deux<br>La f\u00eate charnelle avec les plus belles<br>J&rsquo;ai gagn\u00e9 le gros lot<br>Ce soir c&rsquo;est la vie de ch\u00e2teau<\/p>\n\n\n\n<p class=\"has-text-align-center\">Femme, femme, femme, fais-nous voir le ciel<br>Femme, femme, femme, fais-nous du soleil<br>Femme, femme, femme, rends-nous les ballons<br>Les ballons rouges et ronds de notre enfance<br>Femme, femme, femme, fais-nous voir l&rsquo;amour<br>Femme, femme, femme, sous son meilleur jour<br>Femme, femme, femme, fais-nous in the room<br>Du prosper poup-la youp-la boum<\/p>\n\n\n\n<p class=\"has-text-align-center\">Et l&rsquo;ami ce soir c&rsquo;est la bourrasque<br>Je t&rsquo;ach\u00e8te un masque et une chemise en soie<br>Ce soir je t&#8217;emm\u00e8ne, sors tes grands je t&rsquo;aime de gala<br>Paris s&rsquo;illumine comme une vitrine<br>De Tr\u00eanet, de Chevalier, ce soir on est les h\u00e9ritiers<\/p>\n\n\n\n<p class=\"has-text-align-center\">Femme, femme, femme, n&rsquo;aie pas peur de nous<br>Femme, femme, femme, on n&rsquo;est pas des voyous<br>Femme, femme, femme, choisis ton endroit<br>Nous on ne s&rsquo;y conna\u00eet pas, on te fait confiance<br>Femme, femme, femme, on n&rsquo;est que deux amis<br>Femme, femme, femme, qui s&rsquo;payent un samedi<br>Femme, femme, femme, fais-nous in the room<br>Du prosper youp-la youp-la boum<\/p>\n\n\n\n<p class=\"has-text-align-center\">Femme, femme, femme, fais-nous robe du soir<br>Femme, femme, femme, champagne et caviar<br>Femme, femme, femme, ce soir c&rsquo;est f\u00e9ri\u00e9<br>On ne va pas regarder \u00e0 la d\u00e9pense<br>Femme, femme, femme, fais-nous confetti<br>Alcazar et tutti quanti<br>Femme, femme, femme, fais-nous in the room<br>Du prosper youp-la youp-la boum<\/p>\n\n\n\n<p class=\"has-text-align-center\">Femme, femme, femme, fais-nous Marengo<br>Lunapark et Monte Carlo<br>Femme, femme, femme, fais-nous genre Zizi<br>Au casino de Paris quand elle danse<br>Femme, femme, femme, fais-nous langoureux<br>Du sp\u00e9cial et du larmes aux yeux<br>Femme, femme, femme, fais-nous in the room<br>Du prosper, youp-la youp-la, youp-la youp-la<br>Youp-la, youp-la, boum<\/p>\n","protected":false},"excerpt":{"rendered":"<p>Love room avec pi\u00e8ce secr\u00e8te situ\u00e9e \u00e0 Saint Etienne au Mont \u00e0 30 mn du Touquet et de Calais. Univers r\u00e9tro seventies Studio priv\u00e9 d\u00e9di\u00e9 au plaisir des couples gr\u00e2ce \u00e0 sa pi\u00e8ce secr\u00e8te. H\u00f4tes attentionn\u00e9s et s\u00e9jour personnalisable avec diverses options. Nostalgique des show de Maritie et Gilbert Carpentier Sp\u00e9ciale d\u00e9dicace \u00e0 Serge Lama [&hellip;]<\/p>\n","protected":false},"author":2,"featured_media":0,"parent":0,"menu_order":0,"comment_status":"closed","ping_status":"closed","template":"","meta":{"footnotes":""},"class_list":["post-294","page","type-page","status-publish","hentry"],"yoast_head":"<!-- This site is optimized with the Yoast SEO plugin v21.9 - https:\/\/yoast.com\/wordpress\/plugins\/seo\/ -->\n<title>love room avec pi\u00e8ce secr\u00e8te sur la c\u00f4te d&#039;opale<\/title>\n<meta name=\"description\" content=\"Pr\u00e9sentation de notre Love room d\u00e9di\u00e9e aux plaisirs des couples gr\u00e2ce \u00e0 sa pi\u00e8ce secr\u00e8te. S\u00e9jours personnalisable avec diverses options\" \/>\n<meta name=\"robots\" content=\"index, follow, max-snippet:-1, max-image-preview:large, max-video-preview:-1\" \/>\n<link rel=\"canonical\" href=\"https:\/\/www.lovabellabox.com\/\" \/>\n<meta property=\"og:locale\" content=\"fr_FR\" \/>\n<meta property=\"og:type\" content=\"article\" \/>\n<meta property=\"og:title\" content=\"love room avec pi\u00e8ce secr\u00e8te sur la c\u00f4te d&#039;opale\" \/>\n<meta property=\"og:description\" content=\"Pr\u00e9sentation de notre Love room d\u00e9di\u00e9e aux plaisirs des couples gr\u00e2ce \u00e0 sa pi\u00e8ce secr\u00e8te. S\u00e9jours personnalisable avec diverses options\" \/>\n<meta property=\"og:url\" content=\"https:\/\/www.lovabellabox.com\/\" \/>\n<meta property=\"og:site_name\" content=\"L.A.B. Love Abella Box\" \/>\n<meta property=\"article:modified_time\" content=\"2023-11-21T22:28:23+00:00\" \/>\n<meta property=\"og:image\" content=\"https:\/\/www.lovabellabox.com\/wp-content\/uploads\/2023\/11\/IMG_5961-1-1-1024x593.jpeg\" \/>\n<meta name=\"twitter:card\" content=\"summary_large_image\" \/>\n<meta name=\"twitter:label1\" content=\"Dur\u00e9e de lecture estim\u00e9e\" \/>\n\t<meta name=\"twitter:data1\" content=\"3 minutes\" \/>\n<script type=\"application\/ld+json\" class=\"yoast-schema-graph\">{\"@context\":\"https:\/\/schema.org\",\"@graph\":[{\"@type\":\"WebPage\",\"@id\":\"https:\/\/www.lovabellabox.com\/\",\"url\":\"https:\/\/www.lovabellabox.com\/\",\"name\":\"love room avec pi\u00e8ce secr\u00e8te sur la c\u00f4te d'opale\",\"isPartOf\":{\"@id\":\"https:\/\/www.lovabellabox.com\/#website\"},\"datePublished\":\"2023-11-19T21:56:20+00:00\",\"dateModified\":\"2023-11-21T22:28:23+00:00\",\"description\":\"Pr\u00e9sentation de notre Love room d\u00e9di\u00e9e aux plaisirs des couples gr\u00e2ce \u00e0 sa pi\u00e8ce secr\u00e8te. S\u00e9jours personnalisable avec diverses options\",\"inLanguage\":\"fr-FR\",\"potentialAction\":[{\"@type\":\"ReadAction\",\"target\":[\"https:\/\/www.lovabellabox.com\/\"]}]},{\"@type\":\"WebSite\",\"@id\":\"https:\/\/www.lovabellabox.com\/#website\",\"url\":\"https:\/\/www.lovabellabox.com\/\",\"name\":\"L.A.B. Love Abella Box\",\"description\":\"\",\"publisher\":{\"@id\":\"https:\/\/www.lovabellabox.com\/#organization\"},\"potentialAction\":[{\"@type\":\"SearchAction\",\"target\":{\"@type\":\"EntryPoint\",\"urlTemplate\":\"https:\/\/www.lovabellabox.com\/?s={search_term_string}\"},\"query-input\":\"required name=search_term_string\"}],\"inLanguage\":\"fr-FR\"},{\"@type\":\"Organization\",\"@id\":\"https:\/\/www.lovabellabox.com\/#organization\",\"name\":\"L.A.B. Love Abella Box\",\"url\":\"https:\/\/www.lovabellabox.com\/\",\"logo\":{\"@type\":\"ImageObject\",\"inLanguage\":\"fr-FR\",\"@id\":\"https:\/\/www.lovabellabox.com\/#\/schema\/logo\/image\/\",\"url\":\"https:\/\/www.lovabellabox.com\/wp-content\/uploads\/2023\/11\/IMG_8991-5-scaled.jpeg\",\"contentUrl\":\"https:\/\/www.lovabellabox.com\/wp-content\/uploads\/2023\/11\/IMG_8991-5-scaled.jpeg\",\"width\":2560,\"height\":2529,\"caption\":\"L.A.B. Love Abella Box\"},\"image\":{\"@id\":\"https:\/\/www.lovabellabox.com\/#\/schema\/logo\/image\/\"}}]}<\/script>\n<!-- \/ Yoast SEO plugin. -->","yoast_head_json":{"title":"love room avec pi\u00e8ce secr\u00e8te sur la c\u00f4te d'opale","description":"Pr\u00e9sentation de notre Love room d\u00e9di\u00e9e aux plaisirs des couples gr\u00e2ce \u00e0 sa pi\u00e8ce secr\u00e8te. S\u00e9jours personnalisable avec diverses options","robots":{"index":"index","follow":"follow","max-snippet":"max-snippet:-1","max-image-preview":"max-image-preview:large","max-video-preview":"max-video-preview:-1"},"canonical":"https:\/\/www.lovabellabox.com\/","og_locale":"fr_FR","og_type":"article","og_title":"love room avec pi\u00e8ce secr\u00e8te sur la c\u00f4te d'opale","og_description":"Pr\u00e9sentation de notre Love room d\u00e9di\u00e9e aux plaisirs des couples gr\u00e2ce \u00e0 sa pi\u00e8ce secr\u00e8te. S\u00e9jours personnalisable avec diverses options","og_url":"https:\/\/www.lovabellabox.com\/","og_site_name":"L.A.B. Love Abella Box","article_modified_time":"2023-11-21T22:28:23+00:00","og_image":[{"url":"https:\/\/www.lovabellabox.com\/wp-content\/uploads\/2023\/11\/IMG_5961-1-1-1024x593.jpeg"}],"twitter_card":"summary_large_image","twitter_misc":{"Dur\u00e9e de lecture estim\u00e9e":"3 minutes"},"schema":{"@context":"https:\/\/schema.org","@graph":[{"@type":"WebPage","@id":"https:\/\/www.lovabellabox.com\/","url":"https:\/\/www.lovabellabox.com\/","name":"love room avec pi\u00e8ce secr\u00e8te sur la c\u00f4te d'opale","isPartOf":{"@id":"https:\/\/www.lovabellabox.com\/#website"},"datePublished":"2023-11-19T21:56:20+00:00","dateModified":"2023-11-21T22:28:23+00:00","description":"Pr\u00e9sentation de notre Love room d\u00e9di\u00e9e aux plaisirs des couples gr\u00e2ce \u00e0 sa pi\u00e8ce secr\u00e8te. S\u00e9jours personnalisable avec diverses options","inLanguage":"fr-FR","potentialAction":[{"@type":"ReadAction","target":["https:\/\/www.lovabellabox.com\/"]}]},{"@type":"WebSite","@id":"https:\/\/www.lovabellabox.com\/#website","url":"https:\/\/www.lovabellabox.com\/","name":"L.A.B. Love Abella Box","description":"","publisher":{"@id":"https:\/\/www.lovabellabox.com\/#organization"},"potentialAction":[{"@type":"SearchAction","target":{"@type":"EntryPoint","urlTemplate":"https:\/\/www.lovabellabox.com\/?s={search_term_string}"},"query-input":"required name=search_term_string"}],"inLanguage":"fr-FR"},{"@type":"Organization","@id":"https:\/\/www.lovabellabox.com\/#organization","name":"L.A.B. Love Abella Box","url":"https:\/\/www.lovabellabox.com\/","logo":{"@type":"ImageObject","inLanguage":"fr-FR","@id":"https:\/\/www.lovabellabox.com\/#\/schema\/logo\/image\/","url":"https:\/\/www.lovabellabox.com\/wp-content\/uploads\/2023\/11\/IMG_8991-5-scaled.jpeg","contentUrl":"https:\/\/www.lovabellabox.com\/wp-content\/uploads\/2023\/11\/IMG_8991-5-scaled.jpeg","width":2560,"height":2529,"caption":"L.A.B. Love Abella Box"},"image":{"@id":"https:\/\/www.lovabellabox.com\/#\/schema\/logo\/image\/"}}]}},"_links":{"self":[{"href":"https:\/\/www.lovabellabox.com\/index.php?rest_route=\/wp\/v2\/pages\/294","targetHints":{"allow":["GET"]}}],"collection":[{"href":"https:\/\/www.lovabellabox.com\/index.php?rest_route=\/wp\/v2\/pages"}],"about":[{"href":"https:\/\/www.lovabellabox.com\/index.php?rest_route=\/wp\/v2\/types\/page"}],"author":[{"embeddable":true,"href":"https:\/\/www.lovabellabox.com\/index.php?rest_route=\/wp\/v2\/users\/2"}],"replies":[{"embeddable":true,"href":"https:\/\/www.lovabellabox.com\/index.php?rest_route=%2Fwp%2Fv2%2Fcomments&post=294"}],"version-history":[{"count":4,"href":"https:\/\/www.lovabellabox.com\/index.php?rest_route=\/wp\/v2\/pages\/294\/revisions"}],"predecessor-version":[{"id":400,"href":"https:\/\/www.lovabellabox.com\/index.php?rest_route=\/wp\/v2\/pages\/294\/revisions\/400"}],"wp:attachment":[{"href":"https:\/\/www.lovabellabox.com\/index.php?rest_route=%2Fwp%2Fv2%2Fmedia&parent=294"}],"curies":[{"name":"wp","href":"https:\/\/api.w.org\/{rel}","templated":true}]}}