{"id":160,"date":"2023-11-09T14:28:03","date_gmt":"2023-11-09T13:28:03","guid":{"rendered":"https:\/\/www.lovabellabox.com\/?page_id=160"},"modified":"2023-11-23T00:27:59","modified_gmt":"2023-11-22T23:27:59","slug":"love-room-pres-de-boulogne-sur-mer","status":"publish","type":"page","link":"https:\/\/www.lovabellabox.com\/?page_id=160","title":{"rendered":"Secret Room"},"content":{"rendered":"\n<p class=\"has-black-color has-text-color has-link-color wp-elements-c365c8ec699f3d669b6093fb2fc1b36d\">Plongez dans l&rsquo;intimit\u00e9 et l&rsquo;excitation de notre love room pr\u00e8s de Boulogne sur mer poss\u00e9dant une pi\u00e8ce secr\u00e8te, \u00e9quip\u00e9e d&rsquo;un sling, d&rsquo;une croix de Saint-Andr\u00e9 et d&rsquo;un glory hole, pour des moments de passion in\u00e9gal\u00e9s.<\/p>\n\n\n\n<p class=\"has-black-color has-text-color has-link-color wp-elements-1e4cba4f1ae51b94bb6151852b7ca3a9\">Notre site vous invite \u00e0 vivre intens\u00e9ment chaque moment de votre vie en c\u00e9l\u00e9brant les plaisirs \u00e9picuriens et en \u00e9vitant la procrastination. Laissez-vous emporter par vos passions et d\u00e9couvrez la beaut\u00e9 des corps en \u00e9mois dans toute sa sensualit\u00e9.<\/p>\n\n\n<div class=\"wp-block-image is-style-rounded\">\n<figure class=\"aligncenter size-large\"><img loading=\"lazy\" decoding=\"async\" width=\"1024\" height=\"768\" src=\"https:\/\/www.lovabellabox.com\/wp-content\/uploads\/2023\/11\/IMG_5818-1024x768.jpeg\" alt=\"Nous vous accueillons dans le pi\u00e8ce secr\u00e8te de notre love room \u00e9quip\u00e9 d'un face \u00e0 face candauliste.\" class=\"wp-image-171\" srcset=\"https:\/\/www.lovabellabox.com\/wp-content\/uploads\/2023\/11\/IMG_5818-1024x768.jpeg 1024w, https:\/\/www.lovabellabox.com\/wp-content\/uploads\/2023\/11\/IMG_5818-300x225.jpeg 300w, https:\/\/www.lovabellabox.com\/wp-content\/uploads\/2023\/11\/IMG_5818-768x576.jpeg 768w, https:\/\/www.lovabellabox.com\/wp-content\/uploads\/2023\/11\/IMG_5818-1536x1152.jpeg 1536w, https:\/\/www.lovabellabox.com\/wp-content\/uploads\/2023\/11\/IMG_5818-2048x1536.jpeg 2048w\" sizes=\"auto, (max-width: 1024px) 100vw, 1024px\" \/><figcaption class=\"wp-element-caption\"><a href=\"https:\/\/www.lovabellabox.com\/?page_id=5\">De l&rsquo;autre c\u00f4t\u00e9 du miroir<\/a> <\/figcaption><\/figure>\n<\/div>\n\n\n<div class=\"wp-block-group\"><div class=\"wp-block-group__inner-container is-layout-constrained wp-block-group-is-layout-constrained\">\n<div class=\"wp-block-group\"><div class=\"wp-block-group__inner-container is-layout-constrained wp-block-group-is-layout-constrained\">\n<div class=\"wp-block-columns is-layout-flex wp-container-core-columns-is-layout-9d6595d7 wp-block-columns-is-layout-flex\">\n<div class=\"wp-block-column is-layout-flow wp-block-column-is-layout-flow\" style=\"flex-basis:100%\"><div class=\"wp-block-image is-style-rounded\">\n<figure class=\"aligncenter size-large\"><img loading=\"lazy\" decoding=\"async\" width=\"1735\" height=\"2560\" src=\"https:\/\/www.lovabellabox.com\/wp-content\/uploads\/2023\/11\/IMG_8867-1-scaled.jpeg\" alt=\"Nous vous accueillons dans le pi\u00e8ce secr\u00e8te de notre love room \u00e9quip\u00e9 d'un glory hole\" class=\"wp-image-331\" srcset=\"https:\/\/www.lovabellabox.com\/wp-content\/uploads\/2023\/11\/IMG_8867-1-scaled.jpeg 1735w, https:\/\/www.lovabellabox.com\/wp-content\/uploads\/2023\/11\/IMG_8867-1-203x300.jpeg 203w\" sizes=\"auto, (max-width: 1735px) 100vw, 1735px\" \/><figcaption class=\"wp-element-caption\">Entr\u00e9e discr\u00e8te<\/figcaption><\/figure>\n<\/div>\n\n<div class=\"wp-block-image is-style-rounded\">\n<figure class=\"aligncenter size-large\"><img loading=\"lazy\" decoding=\"async\" width=\"2343\" height=\"2560\" src=\"https:\/\/www.lovabellabox.com\/wp-content\/uploads\/2023\/11\/DSC_0052-1-scaled.jpeg\" alt=\"Nous vous accueillons dans le pi\u00e8ce secr\u00e8te de notre love room \u00e9quip\u00e9 d'un glory hole\" class=\"wp-image-333\" srcset=\"https:\/\/www.lovabellabox.com\/wp-content\/uploads\/2023\/11\/DSC_0052-1-scaled.jpeg 2343w, https:\/\/www.lovabellabox.com\/wp-content\/uploads\/2023\/11\/DSC_0052-1-275x300.jpeg 275w\" sizes=\"auto, (max-width: 2343px) 100vw, 2343px\" \/><figcaption class=\"wp-element-caption\">Retire moi encore et tu d\u00e9couviras le <a href=\"https:\/\/fr.wikipedia.org\/wiki\/Glory_hole\">glory hole<\/a>.<\/figcaption><\/figure>\n<\/div>\n\n<div class=\"wp-block-image is-style-rounded\">\n<figure class=\"aligncenter size-large\"><img loading=\"lazy\" decoding=\"async\" width=\"1706\" height=\"2560\" src=\"https:\/\/www.lovabellabox.com\/wp-content\/uploads\/2023\/11\/IMG_8872-1-scaled.jpeg\" alt=\"Nous vous accueillons dans le pi\u00e8ce secr\u00e8te de notre love room \u00e9quip\u00e9 d'une croix de Saint Andr\u00e9\" class=\"wp-image-335\" srcset=\"https:\/\/www.lovabellabox.com\/wp-content\/uploads\/2023\/11\/IMG_8872-1-scaled.jpeg 1706w, https:\/\/www.lovabellabox.com\/wp-content\/uploads\/2023\/11\/IMG_8872-1-200x300.jpeg 200w\" sizes=\"auto, (max-width: 1706px) 100vw, 1706px\" \/><figcaption class=\"wp-element-caption\">Esclave de plaisir<\/figcaption><\/figure>\n<\/div>\n\n<div class=\"wp-block-image is-style-rounded\">\n<figure class=\"aligncenter size-large\"><img loading=\"lazy\" decoding=\"async\" width=\"768\" height=\"1024\" src=\"https:\/\/www.lovabellabox.com\/wp-content\/uploads\/2023\/11\/IMG_5940-1-768x1024.jpeg\" alt=\"Nous vous accueillons dans le pi\u00e8ce secr\u00e8te de notre love room \u00e9quip\u00e9 d'une croix de Saint Andr\u00e9\" class=\"wp-image-332\" srcset=\"https:\/\/www.lovabellabox.com\/wp-content\/uploads\/2023\/11\/IMG_5940-1-768x1024.jpeg 768w, https:\/\/www.lovabellabox.com\/wp-content\/uploads\/2023\/11\/IMG_5940-1-225x300.jpeg 225w, https:\/\/www.lovabellabox.com\/wp-content\/uploads\/2023\/11\/IMG_5940-1-1152x1536.jpeg 1152w, https:\/\/www.lovabellabox.com\/wp-content\/uploads\/2023\/11\/IMG_5940-1-1536x2048.jpeg 1536w, https:\/\/www.lovabellabox.com\/wp-content\/uploads\/2023\/11\/IMG_5940-1-scaled.jpeg 1920w\" sizes=\"auto, (max-width: 768px) 100vw, 768px\" \/><figcaption class=\"wp-element-caption\">Croix des plaisirs<\/figcaption><\/figure>\n<\/div>\n\n<div class=\"wp-block-image is-style-rounded\">\n<figure class=\"aligncenter size-large\"><img loading=\"lazy\" decoding=\"async\" width=\"1920\" height=\"2560\" src=\"https:\/\/www.lovabellabox.com\/wp-content\/uploads\/2023\/11\/IMG_8862-1-scaled.jpeg\" alt=\"Nous vous accueillons dans le pi\u00e8ce secr\u00e8te de notre love room \u00e9quip\u00e9 d'un sling\" class=\"wp-image-328\" srcset=\"https:\/\/www.lovabellabox.com\/wp-content\/uploads\/2023\/11\/IMG_8862-1-scaled.jpeg 1920w, https:\/\/www.lovabellabox.com\/wp-content\/uploads\/2023\/11\/IMG_8862-1-225x300.jpeg 225w\" sizes=\"auto, (max-width: 1920px) 100vw, 1920px\" \/><figcaption class=\"wp-element-caption\">Sling de l&rsquo;Amour<\/figcaption><\/figure>\n<\/div>\n\n<div class=\"wp-block-image is-style-rounded\">\n<figure class=\"aligncenter size-large\"><img loading=\"lazy\" decoding=\"async\" width=\"678\" height=\"1024\" src=\"https:\/\/www.lovabellabox.com\/wp-content\/uploads\/2023\/11\/IMG_8877-1-678x1024.jpeg\" alt=\"Nous vous accueillons dans le pi\u00e8ce secr\u00e8te de notre love room \u00e9quip\u00e9 d'un sling\" class=\"wp-image-326\" srcset=\"https:\/\/www.lovabellabox.com\/wp-content\/uploads\/2023\/11\/IMG_8877-1-678x1024.jpeg 678w, https:\/\/www.lovabellabox.com\/wp-content\/uploads\/2023\/11\/IMG_8877-1-199x300.jpeg 199w, https:\/\/www.lovabellabox.com\/wp-content\/uploads\/2023\/11\/IMG_8877-1-scaled.jpeg 1695w\" sizes=\"auto, (max-width: 678px) 100vw, 678px\" \/><figcaption class=\"wp-element-caption\">Laissez vous aller !<\/figcaption><\/figure>\n<\/div>\n\n<div class=\"wp-block-image is-style-rounded\">\n<figure class=\"aligncenter size-large\"><img decoding=\"async\" src=\"https:\/\/www.lovabellabox.com\/wp-content\/uploads\/2023\/11\/IMG_5941-2.jpeg\" alt=\"Nous vous accueillons dans le pi\u00e8ce secr\u00e8te de notre love room \u00e9quip\u00e9 d'un sling\" class=\"wp-image-334\"\/><figcaption class=\"wp-element-caption\">Mettez le pied \u00e0 l&rsquo;\u00e9trier<\/figcaption><\/figure>\n<\/div>\n\n<div class=\"wp-block-image is-style-rounded\">\n<figure class=\"aligncenter size-large\"><img loading=\"lazy\" decoding=\"async\" width=\"1701\" height=\"2560\" src=\"https:\/\/www.lovabellabox.com\/wp-content\/uploads\/2023\/11\/IMG_8874-1-scaled.jpeg\" alt=\"Nous vous accueillons dans le pi\u00e8ce secr\u00e8te de notre love room \u00e9quip\u00e9 d'une love chair.\" class=\"wp-image-330\" srcset=\"https:\/\/www.lovabellabox.com\/wp-content\/uploads\/2023\/11\/IMG_8874-1-scaled.jpeg 1701w, https:\/\/www.lovabellabox.com\/wp-content\/uploads\/2023\/11\/IMG_8874-1-199x300.jpeg 199w\" sizes=\"auto, (max-width: 1701px) 100vw, 1701px\" \/><figcaption class=\"wp-element-caption\">Cunni soit qui mal y pense !<\/figcaption><\/figure>\n<\/div>\n\n<div class=\"wp-block-image is-style-rounded\">\n<figure class=\"aligncenter size-large\"><img loading=\"lazy\" decoding=\"async\" width=\"768\" height=\"1024\" src=\"https:\/\/www.lovabellabox.com\/wp-content\/uploads\/2023\/11\/IMG_9751-1-768x1024.jpeg\" alt=\"Bella la muse de l'Abella vous accueille dans le pi\u00e8ce secr\u00e8te de notre love room\" class=\"wp-image-329\" srcset=\"https:\/\/www.lovabellabox.com\/wp-content\/uploads\/2023\/11\/IMG_9751-1-768x1024.jpeg 768w, https:\/\/www.lovabellabox.com\/wp-content\/uploads\/2023\/11\/IMG_9751-1-225x300.jpeg 225w, https:\/\/www.lovabellabox.com\/wp-content\/uploads\/2023\/11\/IMG_9751-1-1152x1536.jpeg 1152w, https:\/\/www.lovabellabox.com\/wp-content\/uploads\/2023\/11\/IMG_9751-1-1536x2048.jpeg 1536w, https:\/\/www.lovabellabox.com\/wp-content\/uploads\/2023\/11\/IMG_9751-1-scaled.jpeg 1920w\" sizes=\"auto, (max-width: 768px) 100vw, 768px\" \/><figcaption class=\"wp-element-caption\">Bella, la Muse du Love Abella box, love room pr\u00e8s de Boulogne sur mer poss\u00e9dant une pi\u00e8ce secr\u00e8te.<\/figcaption><\/figure>\n<\/div><\/div>\n<\/div>\n<\/div><\/div>\n\n\n\n<p>\u00c9veillez vos sens et explorez de nouveaux horizons avec notre site exclusif d\u00e9di\u00e9 aux couples en qu\u00eate d&rsquo;intimit\u00e9 et de jeux de s\u00e9duction. Plongez dans un monde de fantasmes \u00e9rotiques, de jeux de domination et de soumission candauliste dans notre donjon raffin\u00e9. D\u00e9couvrez la love room, un sanctuaire des plaisirs charnels o\u00f9 vos d\u00e9sirs les plus secrets prennent vie. Laissez-vous tenter par des jeux \u00e9rotiques envo\u00fbtants et explorez le voyeurisme ou l&rsquo;exhibitionnisme en toute discr\u00e9tion. Une exp\u00e9rience luxueuse et passionnante vous attend.<\/p>\n\n\n\n<p class=\"has-white-color has-text-color has-link-color has-small-font-size wp-elements-c2a41d7761059fd78f65417f57aa0a45\"><\/p>\n<\/div><\/div>\n","protected":false},"excerpt":{"rendered":"<p>Plongez dans l&rsquo;intimit\u00e9 et l&rsquo;excitation de notre love room pr\u00e8s de Boulogne sur mer poss\u00e9dant une pi\u00e8ce secr\u00e8te, \u00e9quip\u00e9e d&rsquo;un sling, d&rsquo;une croix de Saint-Andr\u00e9 et d&rsquo;un glory hole, pour des moments de passion in\u00e9gal\u00e9s. Notre site vous invite \u00e0 vivre intens\u00e9ment chaque moment de votre vie en c\u00e9l\u00e9brant les plaisirs \u00e9picuriens et en \u00e9vitant [&hellip;]<\/p>\n","protected":false},"author":2,"featured_media":0,"parent":5,"menu_order":0,"comment_status":"closed","ping_status":"closed","template":"","meta":{"footnotes":""},"class_list":["post-160","page","type-page","status-publish","hentry"],"yoast_head":"<!-- This site is optimized with the Yoast SEO plugin v21.9 - https:\/\/yoast.com\/wordpress\/plugins\/seo\/ -->\n<title>Secret Room - L.A.B. Love Abella Box<\/title>\n<meta name=\"robots\" content=\"index, follow, max-snippet:-1, max-image-preview:large, max-video-preview:-1\" \/>\n<link rel=\"canonical\" href=\"https:\/\/www.lovabellabox.com\/?page_id=160\" \/>\n<meta property=\"og:locale\" content=\"fr_FR\" \/>\n<meta property=\"og:type\" content=\"article\" \/>\n<meta property=\"og:title\" content=\"Secret Room - L.A.B. Love Abella Box\" \/>\n<meta property=\"og:description\" content=\"Plongez dans l&rsquo;intimit\u00e9 et l&rsquo;excitation de notre love room pr\u00e8s de Boulogne sur mer poss\u00e9dant une pi\u00e8ce secr\u00e8te, \u00e9quip\u00e9e d&rsquo;un sling, d&rsquo;une croix de Saint-Andr\u00e9 et d&rsquo;un glory hole, pour des moments de passion in\u00e9gal\u00e9s. Notre site vous invite \u00e0 vivre intens\u00e9ment chaque moment de votre vie en c\u00e9l\u00e9brant les plaisirs \u00e9picuriens et en \u00e9vitant [&hellip;]\" \/>\n<meta property=\"og:url\" content=\"https:\/\/www.lovabellabox.com\/?page_id=160\" \/>\n<meta property=\"og:site_name\" content=\"L.A.B. Love Abella Box\" \/>\n<meta property=\"article:modified_time\" content=\"2023-11-22T23:27:59+00:00\" \/>\n<meta property=\"og:image\" content=\"https:\/\/www.lovabellabox.com\/wp-content\/uploads\/2023\/11\/IMG_5818-1024x768.jpeg\" \/>\n<meta name=\"twitter:card\" content=\"summary_large_image\" \/>\n<meta name=\"twitter:label1\" content=\"Dur\u00e9e de lecture estim\u00e9e\" \/>\n\t<meta name=\"twitter:data1\" content=\"3 minutes\" \/>\n<script type=\"application\/ld+json\" class=\"yoast-schema-graph\">{\"@context\":\"https:\/\/schema.org\",\"@graph\":[{\"@type\":\"WebPage\",\"@id\":\"https:\/\/www.lovabellabox.com\/?page_id=160\",\"url\":\"https:\/\/www.lovabellabox.com\/?page_id=160\",\"name\":\"Secret Room - L.A.B. Love Abella Box\",\"isPartOf\":{\"@id\":\"https:\/\/www.lovabellabox.com\/#website\"},\"datePublished\":\"2023-11-09T13:28:03+00:00\",\"dateModified\":\"2023-11-22T23:27:59+00:00\",\"breadcrumb\":{\"@id\":\"https:\/\/www.lovabellabox.com\/?page_id=160#breadcrumb\"},\"inLanguage\":\"fr-FR\",\"potentialAction\":[{\"@type\":\"ReadAction\",\"target\":[\"https:\/\/www.lovabellabox.com\/?page_id=160\"]}]},{\"@type\":\"BreadcrumbList\",\"@id\":\"https:\/\/www.lovabellabox.com\/?page_id=160#breadcrumb\",\"itemListElement\":[{\"@type\":\"ListItem\",\"position\":1,\"name\":\"Phototh\u00e8que\",\"item\":\"https:\/\/www.lovabellabox.com\/?page_id=5\"},{\"@type\":\"ListItem\",\"position\":2,\"name\":\"Secret Room\"}]},{\"@type\":\"WebSite\",\"@id\":\"https:\/\/www.lovabellabox.com\/#website\",\"url\":\"https:\/\/www.lovabellabox.com\/\",\"name\":\"L.A.B. Love Abella Box\",\"description\":\"\",\"publisher\":{\"@id\":\"https:\/\/www.lovabellabox.com\/#organization\"},\"potentialAction\":[{\"@type\":\"SearchAction\",\"target\":{\"@type\":\"EntryPoint\",\"urlTemplate\":\"https:\/\/www.lovabellabox.com\/?s={search_term_string}\"},\"query-input\":\"required name=search_term_string\"}],\"inLanguage\":\"fr-FR\"},{\"@type\":\"Organization\",\"@id\":\"https:\/\/www.lovabellabox.com\/#organization\",\"name\":\"L.A.B. Love Abella Box\",\"url\":\"https:\/\/www.lovabellabox.com\/\",\"logo\":{\"@type\":\"ImageObject\",\"inLanguage\":\"fr-FR\",\"@id\":\"https:\/\/www.lovabellabox.com\/#\/schema\/logo\/image\/\",\"url\":\"https:\/\/www.lovabellabox.com\/wp-content\/uploads\/2023\/11\/IMG_8991-5-scaled.jpeg\",\"contentUrl\":\"https:\/\/www.lovabellabox.com\/wp-content\/uploads\/2023\/11\/IMG_8991-5-scaled.jpeg\",\"width\":2560,\"height\":2529,\"caption\":\"L.A.B. Love Abella Box\"},\"image\":{\"@id\":\"https:\/\/www.lovabellabox.com\/#\/schema\/logo\/image\/\"}}]}<\/script>\n<!-- \/ Yoast SEO plugin. -->","yoast_head_json":{"title":"Secret Room - L.A.B. Love Abella Box","robots":{"index":"index","follow":"follow","max-snippet":"max-snippet:-1","max-image-preview":"max-image-preview:large","max-video-preview":"max-video-preview:-1"},"canonical":"https:\/\/www.lovabellabox.com\/?page_id=160","og_locale":"fr_FR","og_type":"article","og_title":"Secret Room - L.A.B. Love Abella Box","og_description":"Plongez dans l&rsquo;intimit\u00e9 et l&rsquo;excitation de notre love room pr\u00e8s de Boulogne sur mer poss\u00e9dant une pi\u00e8ce secr\u00e8te, \u00e9quip\u00e9e d&rsquo;un sling, d&rsquo;une croix de Saint-Andr\u00e9 et d&rsquo;un glory hole, pour des moments de passion in\u00e9gal\u00e9s. Notre site vous invite \u00e0 vivre intens\u00e9ment chaque moment de votre vie en c\u00e9l\u00e9brant les plaisirs \u00e9picuriens et en \u00e9vitant [&hellip;]","og_url":"https:\/\/www.lovabellabox.com\/?page_id=160","og_site_name":"L.A.B. Love Abella Box","article_modified_time":"2023-11-22T23:27:59+00:00","og_image":[{"url":"https:\/\/www.lovabellabox.com\/wp-content\/uploads\/2023\/11\/IMG_5818-1024x768.jpeg"}],"twitter_card":"summary_large_image","twitter_misc":{"Dur\u00e9e de lecture estim\u00e9e":"3 minutes"},"schema":{"@context":"https:\/\/schema.org","@graph":[{"@type":"WebPage","@id":"https:\/\/www.lovabellabox.com\/?page_id=160","url":"https:\/\/www.lovabellabox.com\/?page_id=160","name":"Secret Room - L.A.B. Love Abella Box","isPartOf":{"@id":"https:\/\/www.lovabellabox.com\/#website"},"datePublished":"2023-11-09T13:28:03+00:00","dateModified":"2023-11-22T23:27:59+00:00","breadcrumb":{"@id":"https:\/\/www.lovabellabox.com\/?page_id=160#breadcrumb"},"inLanguage":"fr-FR","potentialAction":[{"@type":"ReadAction","target":["https:\/\/www.lovabellabox.com\/?page_id=160"]}]},{"@type":"BreadcrumbList","@id":"https:\/\/www.lovabellabox.com\/?page_id=160#breadcrumb","itemListElement":[{"@type":"ListItem","position":1,"name":"Phototh\u00e8que","item":"https:\/\/www.lovabellabox.com\/?page_id=5"},{"@type":"ListItem","position":2,"name":"Secret Room"}]},{"@type":"WebSite","@id":"https:\/\/www.lovabellabox.com\/#website","url":"https:\/\/www.lovabellabox.com\/","name":"L.A.B. Love Abella Box","description":"","publisher":{"@id":"https:\/\/www.lovabellabox.com\/#organization"},"potentialAction":[{"@type":"SearchAction","target":{"@type":"EntryPoint","urlTemplate":"https:\/\/www.lovabellabox.com\/?s={search_term_string}"},"query-input":"required name=search_term_string"}],"inLanguage":"fr-FR"},{"@type":"Organization","@id":"https:\/\/www.lovabellabox.com\/#organization","name":"L.A.B. Love Abella Box","url":"https:\/\/www.lovabellabox.com\/","logo":{"@type":"ImageObject","inLanguage":"fr-FR","@id":"https:\/\/www.lovabellabox.com\/#\/schema\/logo\/image\/","url":"https:\/\/www.lovabellabox.com\/wp-content\/uploads\/2023\/11\/IMG_8991-5-scaled.jpeg","contentUrl":"https:\/\/www.lovabellabox.com\/wp-content\/uploads\/2023\/11\/IMG_8991-5-scaled.jpeg","width":2560,"height":2529,"caption":"L.A.B. Love Abella Box"},"image":{"@id":"https:\/\/www.lovabellabox.com\/#\/schema\/logo\/image\/"}}]}},"_links":{"self":[{"href":"https:\/\/www.lovabellabox.com\/index.php?rest_route=\/wp\/v2\/pages\/160","targetHints":{"allow":["GET"]}}],"collection":[{"href":"https:\/\/www.lovabellabox.com\/index.php?rest_route=\/wp\/v2\/pages"}],"about":[{"href":"https:\/\/www.lovabellabox.com\/index.php?rest_route=\/wp\/v2\/types\/page"}],"author":[{"embeddable":true,"href":"https:\/\/www.lovabellabox.com\/index.php?rest_route=\/wp\/v2\/users\/2"}],"replies":[{"embeddable":true,"href":"https:\/\/www.lovabellabox.com\/index.php?rest_route=%2Fwp%2Fv2%2Fcomments&post=160"}],"version-history":[{"count":20,"href":"https:\/\/www.lovabellabox.com\/index.php?rest_route=\/wp\/v2\/pages\/160\/revisions"}],"predecessor-version":[{"id":361,"href":"https:\/\/www.lovabellabox.com\/index.php?rest_route=\/wp\/v2\/pages\/160\/revisions\/361"}],"up":[{"embeddable":true,"href":"https:\/\/www.lovabellabox.com\/index.php?rest_route=\/wp\/v2\/pages\/5"}],"wp:attachment":[{"href":"https:\/\/www.lovabellabox.com\/index.php?rest_route=%2Fwp%2Fv2%2Fmedia&parent=160"}],"curies":[{"name":"wp","href":"https:\/\/api.w.org\/{rel}","templated":true}]}}