{"id":112,"date":"2023-11-07T16:31:35","date_gmt":"2023-11-07T15:31:35","guid":{"rendered":"https:\/\/www.lovabellabox.com\/?page_id=112"},"modified":"2023-11-07T16:31:36","modified_gmt":"2023-11-07T15:31:36","slug":"nos-options-bien-etre-et-envies-2","status":"publish","type":"page","link":"https:\/\/www.lovabellabox.com\/?page_id=112","title":{"rendered":"Nos options bien-\u00eatre et envies"},"content":{"rendered":"\n<p id=\"block-653f01c8-9f56-4579-90c7-96879c9b0f4d\">Les espaces r\u00e9cr\u00e9atifs sont \u00e0 votre dispositions pendant votre s\u00e9jour selon vos envies. <a href=\"https:\/\/www.lovabellabox.com\/?page_id=7\">R\u00e9servez les options<\/a> bien-\u00eatre telles que sauna, s\u00e9ance de sport coach\u00e9e ou moment de massage.<\/p>\n\n\n\n<figure class=\"wp-block-gallery has-nested-images columns-default is-cropped wp-block-gallery-1 is-layout-flex wp-block-gallery-is-layout-flex\">\n<figure class=\"wp-block-image size-large is-style-rounded\"><img loading=\"lazy\" decoding=\"async\" width=\"768\" height=\"1024\" data-id=\"89\" src=\"https:\/\/www.lovabellabox.com\/wp-content\/uploads\/2023\/11\/IMG_1551-768x1024.jpeg\" alt=\"\" class=\"wp-image-89\" srcset=\"https:\/\/www.lovabellabox.com\/wp-content\/uploads\/2023\/11\/IMG_1551-768x1024.jpeg 768w, https:\/\/www.lovabellabox.com\/wp-content\/uploads\/2023\/11\/IMG_1551-225x300.jpeg 225w, https:\/\/www.lovabellabox.com\/wp-content\/uploads\/2023\/11\/IMG_1551-1152x1536.jpeg 1152w, https:\/\/www.lovabellabox.com\/wp-content\/uploads\/2023\/11\/IMG_1551-1536x2048.jpeg 1536w, https:\/\/www.lovabellabox.com\/wp-content\/uploads\/2023\/11\/IMG_1551-scaled.jpeg 1920w\" sizes=\"auto, (max-width: 768px) 100vw, 768px\" \/><figcaption class=\"wp-element-caption\">la douche sauna<\/figcaption><\/figure>\n\n\n\n<figure class=\"wp-block-image size-large is-style-rounded\"><img loading=\"lazy\" decoding=\"async\" width=\"1024\" height=\"768\" data-id=\"88\" src=\"https:\/\/www.lovabellabox.com\/wp-content\/uploads\/2023\/11\/IMG_1515-1024x768.jpeg\" alt=\"\" class=\"wp-image-88\" srcset=\"https:\/\/www.lovabellabox.com\/wp-content\/uploads\/2023\/11\/IMG_1515-1024x768.jpeg 1024w, https:\/\/www.lovabellabox.com\/wp-content\/uploads\/2023\/11\/IMG_1515-300x225.jpeg 300w, https:\/\/www.lovabellabox.com\/wp-content\/uploads\/2023\/11\/IMG_1515-768x576.jpeg 768w, https:\/\/www.lovabellabox.com\/wp-content\/uploads\/2023\/11\/IMG_1515-1536x1152.jpeg 1536w, https:\/\/www.lovabellabox.com\/wp-content\/uploads\/2023\/11\/IMG_1515-2048x1536.jpeg 2048w\" sizes=\"auto, (max-width: 1024px) 100vw, 1024px\" \/><figcaption class=\"wp-element-caption\">le sauna<\/figcaption><\/figure>\n\n\n\n<figure class=\"wp-block-image size-large is-style-rounded\"><img loading=\"lazy\" decoding=\"async\" width=\"768\" height=\"1024\" data-id=\"90\" src=\"https:\/\/www.lovabellabox.com\/wp-content\/uploads\/2023\/11\/IMG_4186-768x1024.jpeg\" alt=\"Nos options bien-\u00eatre\n\" class=\"wp-image-90\" srcset=\"https:\/\/www.lovabellabox.com\/wp-content\/uploads\/2023\/11\/IMG_4186-768x1024.jpeg 768w, https:\/\/www.lovabellabox.com\/wp-content\/uploads\/2023\/11\/IMG_4186-225x300.jpeg 225w, https:\/\/www.lovabellabox.com\/wp-content\/uploads\/2023\/11\/IMG_4186-1152x1536.jpeg 1152w, https:\/\/www.lovabellabox.com\/wp-content\/uploads\/2023\/11\/IMG_4186-1536x2048.jpeg 1536w, https:\/\/www.lovabellabox.com\/wp-content\/uploads\/2023\/11\/IMG_4186-scaled.jpeg 1920w\" sizes=\"auto, (max-width: 768px) 100vw, 768px\" \/><figcaption class=\"wp-element-caption\">la coach<\/figcaption><\/figure>\n<\/figure>\n","protected":false},"excerpt":{"rendered":"<p>Les espaces r\u00e9cr\u00e9atifs sont \u00e0 votre dispositions pendant votre s\u00e9jour selon vos envies. R\u00e9servez les options bien-\u00eatre telles que sauna, s\u00e9ance de sport coach\u00e9e ou moment de massage.<\/p>\n","protected":false},"author":2,"featured_media":0,"parent":0,"menu_order":0,"comment_status":"closed","ping_status":"closed","template":"","meta":{"footnotes":""},"class_list":["post-112","page","type-page","status-publish","hentry"],"yoast_head":"<!-- This site is optimized with the Yoast SEO plugin v21.9 - https:\/\/yoast.com\/wordpress\/plugins\/seo\/ -->\n<title>Nos options bien-\u00eatre et envies - L.A.B. Love Abella Box<\/title>\n<meta name=\"robots\" content=\"index, follow, max-snippet:-1, max-image-preview:large, max-video-preview:-1\" \/>\n<link rel=\"canonical\" href=\"https:\/\/www.lovabellabox.com\/?page_id=112\" \/>\n<meta property=\"og:locale\" content=\"fr_FR\" \/>\n<meta property=\"og:type\" content=\"article\" \/>\n<meta property=\"og:title\" content=\"Nos options bien-\u00eatre et envies - L.A.B. Love Abella Box\" \/>\n<meta property=\"og:description\" content=\"Les espaces r\u00e9cr\u00e9atifs sont \u00e0 votre dispositions pendant votre s\u00e9jour selon vos envies. R\u00e9servez les options bien-\u00eatre telles que sauna, s\u00e9ance de sport coach\u00e9e ou moment de massage.\" \/>\n<meta property=\"og:url\" content=\"https:\/\/www.lovabellabox.com\/?page_id=112\" \/>\n<meta property=\"og:site_name\" content=\"L.A.B. Love Abella Box\" \/>\n<meta property=\"article:modified_time\" content=\"2023-11-07T15:31:36+00:00\" \/>\n<meta property=\"og:image\" content=\"https:\/\/www.lovabellabox.com\/wp-content\/uploads\/2023\/11\/IMG_1551-768x1024.jpeg\" \/>\n<meta name=\"twitter:card\" content=\"summary_large_image\" \/>\n<meta name=\"twitter:label1\" content=\"Dur\u00e9e de lecture estim\u00e9e\" \/>\n\t<meta name=\"twitter:data1\" content=\"1 minute\" \/>\n<script type=\"application\/ld+json\" class=\"yoast-schema-graph\">{\"@context\":\"https:\/\/schema.org\",\"@graph\":[{\"@type\":\"WebPage\",\"@id\":\"https:\/\/www.lovabellabox.com\/?page_id=112\",\"url\":\"https:\/\/www.lovabellabox.com\/?page_id=112\",\"name\":\"Nos options bien-\u00eatre et envies - L.A.B. Love Abella Box\",\"isPartOf\":{\"@id\":\"https:\/\/www.lovabellabox.com\/#website\"},\"datePublished\":\"2023-11-07T15:31:35+00:00\",\"dateModified\":\"2023-11-07T15:31:36+00:00\",\"inLanguage\":\"fr-FR\",\"potentialAction\":[{\"@type\":\"ReadAction\",\"target\":[\"https:\/\/www.lovabellabox.com\/?page_id=112\"]}]},{\"@type\":\"WebSite\",\"@id\":\"https:\/\/www.lovabellabox.com\/#website\",\"url\":\"https:\/\/www.lovabellabox.com\/\",\"name\":\"L.A.B. Love Abella Box\",\"description\":\"\",\"publisher\":{\"@id\":\"https:\/\/www.lovabellabox.com\/#organization\"},\"potentialAction\":[{\"@type\":\"SearchAction\",\"target\":{\"@type\":\"EntryPoint\",\"urlTemplate\":\"https:\/\/www.lovabellabox.com\/?s={search_term_string}\"},\"query-input\":\"required name=search_term_string\"}],\"inLanguage\":\"fr-FR\"},{\"@type\":\"Organization\",\"@id\":\"https:\/\/www.lovabellabox.com\/#organization\",\"name\":\"L.A.B. Love Abella Box\",\"url\":\"https:\/\/www.lovabellabox.com\/\",\"logo\":{\"@type\":\"ImageObject\",\"inLanguage\":\"fr-FR\",\"@id\":\"https:\/\/www.lovabellabox.com\/#\/schema\/logo\/image\/\",\"url\":\"https:\/\/www.lovabellabox.com\/wp-content\/uploads\/2023\/11\/IMG_8991-5-scaled.jpeg\",\"contentUrl\":\"https:\/\/www.lovabellabox.com\/wp-content\/uploads\/2023\/11\/IMG_8991-5-scaled.jpeg\",\"width\":2560,\"height\":2529,\"caption\":\"L.A.B. Love Abella Box\"},\"image\":{\"@id\":\"https:\/\/www.lovabellabox.com\/#\/schema\/logo\/image\/\"}}]}<\/script>\n<!-- \/ Yoast SEO plugin. -->","yoast_head_json":{"title":"Nos options bien-\u00eatre et envies - L.A.B. Love Abella Box","robots":{"index":"index","follow":"follow","max-snippet":"max-snippet:-1","max-image-preview":"max-image-preview:large","max-video-preview":"max-video-preview:-1"},"canonical":"https:\/\/www.lovabellabox.com\/?page_id=112","og_locale":"fr_FR","og_type":"article","og_title":"Nos options bien-\u00eatre et envies - L.A.B. Love Abella Box","og_description":"Les espaces r\u00e9cr\u00e9atifs sont \u00e0 votre dispositions pendant votre s\u00e9jour selon vos envies. R\u00e9servez les options bien-\u00eatre telles que sauna, s\u00e9ance de sport coach\u00e9e ou moment de massage.","og_url":"https:\/\/www.lovabellabox.com\/?page_id=112","og_site_name":"L.A.B. Love Abella Box","article_modified_time":"2023-11-07T15:31:36+00:00","og_image":[{"url":"https:\/\/www.lovabellabox.com\/wp-content\/uploads\/2023\/11\/IMG_1551-768x1024.jpeg"}],"twitter_card":"summary_large_image","twitter_misc":{"Dur\u00e9e de lecture estim\u00e9e":"1 minute"},"schema":{"@context":"https:\/\/schema.org","@graph":[{"@type":"WebPage","@id":"https:\/\/www.lovabellabox.com\/?page_id=112","url":"https:\/\/www.lovabellabox.com\/?page_id=112","name":"Nos options bien-\u00eatre et envies - L.A.B. Love Abella Box","isPartOf":{"@id":"https:\/\/www.lovabellabox.com\/#website"},"datePublished":"2023-11-07T15:31:35+00:00","dateModified":"2023-11-07T15:31:36+00:00","inLanguage":"fr-FR","potentialAction":[{"@type":"ReadAction","target":["https:\/\/www.lovabellabox.com\/?page_id=112"]}]},{"@type":"WebSite","@id":"https:\/\/www.lovabellabox.com\/#website","url":"https:\/\/www.lovabellabox.com\/","name":"L.A.B. Love Abella Box","description":"","publisher":{"@id":"https:\/\/www.lovabellabox.com\/#organization"},"potentialAction":[{"@type":"SearchAction","target":{"@type":"EntryPoint","urlTemplate":"https:\/\/www.lovabellabox.com\/?s={search_term_string}"},"query-input":"required name=search_term_string"}],"inLanguage":"fr-FR"},{"@type":"Organization","@id":"https:\/\/www.lovabellabox.com\/#organization","name":"L.A.B. Love Abella Box","url":"https:\/\/www.lovabellabox.com\/","logo":{"@type":"ImageObject","inLanguage":"fr-FR","@id":"https:\/\/www.lovabellabox.com\/#\/schema\/logo\/image\/","url":"https:\/\/www.lovabellabox.com\/wp-content\/uploads\/2023\/11\/IMG_8991-5-scaled.jpeg","contentUrl":"https:\/\/www.lovabellabox.com\/wp-content\/uploads\/2023\/11\/IMG_8991-5-scaled.jpeg","width":2560,"height":2529,"caption":"L.A.B. Love Abella Box"},"image":{"@id":"https:\/\/www.lovabellabox.com\/#\/schema\/logo\/image\/"}}]}},"_links":{"self":[{"href":"https:\/\/www.lovabellabox.com\/index.php?rest_route=\/wp\/v2\/pages\/112","targetHints":{"allow":["GET"]}}],"collection":[{"href":"https:\/\/www.lovabellabox.com\/index.php?rest_route=\/wp\/v2\/pages"}],"about":[{"href":"https:\/\/www.lovabellabox.com\/index.php?rest_route=\/wp\/v2\/types\/page"}],"author":[{"embeddable":true,"href":"https:\/\/www.lovabellabox.com\/index.php?rest_route=\/wp\/v2\/users\/2"}],"replies":[{"embeddable":true,"href":"https:\/\/www.lovabellabox.com\/index.php?rest_route=%2Fwp%2Fv2%2Fcomments&post=112"}],"version-history":[{"count":1,"href":"https:\/\/www.lovabellabox.com\/index.php?rest_route=\/wp\/v2\/pages\/112\/revisions"}],"predecessor-version":[{"id":113,"href":"https:\/\/www.lovabellabox.com\/index.php?rest_route=\/wp\/v2\/pages\/112\/revisions\/113"}],"wp:attachment":[{"href":"https:\/\/www.lovabellabox.com\/index.php?rest_route=%2Fwp%2Fv2%2Fmedia&parent=112"}],"curies":[{"name":"wp","href":"https:\/\/api.w.org\/{rel}","templated":true}]}}